{"id":1362,"date":"2018-10-22T14:48:17","date_gmt":"2018-10-22T12:48:17","guid":{"rendered":"https:\/\/incomo.si\/datenschutzerklaerung\/"},"modified":"2019-08-02T11:26:39","modified_gmt":"2019-08-02T09:26:39","slug":"pravilnik-o-zasebnosti","status":"publish","type":"page","link":"https:\/\/incomo.si\/sl\/pravilnik-o-zasebnosti\/","title":{"rendered":"Pravilnik o zasebnosti"},"content":{"rendered":"<p><span style=\"font-size: large;\">Pi\u0161kotki in izjava o varstvu osebnih podatkov<\/span><\/p>\n<p><span style=\"font-family: Times New Roman, serif;\"><span style=\"font-size: small;\"><span style=\"color: #000000;\"><span style=\"font-family: Arial, serif;\"><span style=\"font-size: large;\">Varstvo podatkov in pi\u0161kotki<\/span><\/span><\/span><\/span><\/span><\/p>\n<p><span style=\"font-family: Times New Roman, serif;\"><span style=\"font-size: small;\"><span style=\"color: #000000;\"><span style=\"font-family: Arial, serif;\"><span style=\"font-size: large;\">Varstvo va\u0161ih osebnih podatkov je za nas zelo pomembno. Zato obdelujemo va\u0161e podatke izklju\u010dno v skladu z zakonskimi predpisi (uredba GDPR, TKG 2003). S temi informacijami o varstvu podatkov vas \u017eelimo seznaniti z najpomembnej\u0161imi vidiki obdelave podatkov v okviru na\u0161e spletne strani.<\/span><\/span><\/span><\/span><\/span><\/p>\n<p><span style=\"font-family: Times New Roman, serif;\"><span style=\"font-size: small;\"><span style=\"color: #000000;\"><span style=\"font-family: Arial, serif;\"><span style=\"font-size: large;\">Stik z nami<\/span><\/span><\/span><\/span><\/span><\/p>\n<p><span style=\"font-family: Times New Roman, serif;\"><span style=\"font-size: small;\"><span style=\"color: #000000;\"><span style=\"font-family: Arial, serif;\"><span style=\"font-size: large;\">\u010ce preko obrazca na spletni strani ali preko e-po\u0161te vzpostavite stik z nami, se va\u0161i navedeni podatki pri nas hranijo \u0161est mesecev, in sicer zaradi obdelave povpra\u0161evanja in zaradi morebitne nadaljnje komunikacije. Teh podatkov brez dovoljenja ne posredujemo naprej.<\/span><\/span><\/span><\/span><\/span><\/p>\n<p><span style=\"font-family: Times New Roman, serif;\"><span style=\"font-size: small;\"><span style=\"color: #000000;\"><span style=\"font-family: Arial, serif;\"><span style=\"font-size: large;\">Va\u0161e pravice<\/span><\/span><\/span><\/span><\/span><\/p>\n<p><span style=\"font-family: Times New Roman, serif;\"><span style=\"font-size: small;\"><span style=\"color: #000000;\"><span style=\"font-family: Arial, serif;\"><span style=\"font-size: large;\">Na\u010deloma imate pravice do informacij, popravkov, izbrisa, omejitve, prenosljivosti podatkov, preklica in ugovora. \u010ce menite, da obdelovanje va\u0161ih podatkov kr\u0161i zakonodajo o varstvu podatkov ali je bila va\u0161a pravica glede varstva podatkov kr\u0161ena na drugi na\u010din, se lahko prito\u017eite pri nadzornem organu. V Avstriji je za to pristojni organ za varstvo podatkov.<\/span><\/span><\/span><\/span><\/span><\/p>\n","protected":false},"excerpt":{"rendered":"<p>Pi\u0161kotki in izjava o varstvu osebnih podatkov Varstvo podatkov in pi\u0161kotki Varstvo va\u0161ih osebnih podatkov je za nas zelo pomembno. Zato obdelujemo va\u0161e podatke izklju\u010dno v skladu z zakonskimi predpisi (uredba GDPR, TKG 2003). S temi informacijami o varstvu podatkov vas \u017eelimo seznaniti z najpomembnej\u0161imi vidiki obdelave podatkov v okviru na\u0161e spletne strani. Stik z&hellip;<\/p>\n","protected":false},"author":7,"featured_media":1361,"parent":0,"menu_order":0,"comment_status":"closed","ping_status":"closed","template":"","meta":[],"yoast_head":"<!-- This site is optimized with the Yoast SEO plugin v18.3 - https:\/\/yoast.com\/wordpress\/plugins\/seo\/ -->\n<title>Pravilnik o zasebnosti - INCOMO<\/title>\n<meta name=\"robots\" content=\"index, follow, max-snippet:-1, max-image-preview:large, max-video-preview:-1\" \/>\n<link rel=\"canonical\" href=\"https:\/\/incomo.si\/sl\/pravilnik-o-zasebnosti\/\" \/>\n<meta property=\"og:locale\" content=\"sl_SI\" \/>\n<meta property=\"og:type\" content=\"article\" \/>\n<meta property=\"og:title\" content=\"Pravilnik o zasebnosti - INCOMO\" \/>\n<meta property=\"og:description\" content=\"Pi\u0161kotki in izjava o varstvu osebnih podatkov Varstvo podatkov in pi\u0161kotki Varstvo va\u0161ih osebnih podatkov je za nas zelo pomembno. Zato obdelujemo va\u0161e podatke izklju\u010dno v skladu z zakonskimi predpisi (uredba GDPR, TKG 2003). S temi informacijami o varstvu podatkov vas \u017eelimo seznaniti z najpomembnej\u0161imi vidiki obdelave podatkov v okviru na\u0161e spletne strani. Stik z&hellip;\" \/>\n<meta property=\"og:url\" content=\"https:\/\/incomo.si\/sl\/pravilnik-o-zasebnosti\/\" \/>\n<meta property=\"og:site_name\" content=\"INCOMO\" \/>\n<meta property=\"article:modified_time\" content=\"2019-08-02T09:26:39+00:00\" \/>\n<meta property=\"og:image\" content=\"https:\/\/incomo.si\/wp-content\/uploads\/2019\/03\/unterseite-incomo-bild.jpg\" \/>\n\t<meta property=\"og:image:width\" content=\"1200\" \/>\n\t<meta property=\"og:image:height\" content=\"924\" \/>\n\t<meta property=\"og:image:type\" content=\"image\/jpeg\" \/>\n<meta name=\"twitter:card\" content=\"summary_large_image\" \/>\n<meta name=\"twitter:label1\" content=\"Est. reading time\" \/>\n\t<meta name=\"twitter:data1\" content=\"1 minuta\" \/>\n<script type=\"application\/ld+json\" class=\"yoast-schema-graph\">{\"@context\":\"https:\/\/schema.org\",\"@graph\":[{\"@type\":\"WebSite\",\"@id\":\"https:\/\/incomo.si\/#website\",\"url\":\"https:\/\/incomo.si\/\",\"name\":\"INCOMO\",\"description\":\"\",\"potentialAction\":[{\"@type\":\"SearchAction\",\"target\":{\"@type\":\"EntryPoint\",\"urlTemplate\":\"https:\/\/incomo.si\/?s={search_term_string}\"},\"query-input\":\"required name=search_term_string\"}],\"inLanguage\":\"sl-SI\"},{\"@type\":\"ImageObject\",\"@id\":\"https:\/\/incomo.si\/sl\/pravilnik-o-zasebnosti\/#primaryimage\",\"inLanguage\":\"sl-SI\",\"url\":\"https:\/\/incomo.si\/wp-content\/uploads\/2019\/03\/unterseite-incomo-bild.jpg\",\"contentUrl\":\"https:\/\/incomo.si\/wp-content\/uploads\/2019\/03\/unterseite-incomo-bild.jpg\",\"width\":1200,\"height\":924,\"caption\":\"INCOMO\"},{\"@type\":\"WebPage\",\"@id\":\"https:\/\/incomo.si\/sl\/pravilnik-o-zasebnosti\/#webpage\",\"url\":\"https:\/\/incomo.si\/sl\/pravilnik-o-zasebnosti\/\",\"name\":\"Pravilnik o zasebnosti - INCOMO\",\"isPartOf\":{\"@id\":\"https:\/\/incomo.si\/#website\"},\"primaryImageOfPage\":{\"@id\":\"https:\/\/incomo.si\/sl\/pravilnik-o-zasebnosti\/#primaryimage\"},\"datePublished\":\"2018-10-22T12:48:17+00:00\",\"dateModified\":\"2019-08-02T09:26:39+00:00\",\"breadcrumb\":{\"@id\":\"https:\/\/incomo.si\/sl\/pravilnik-o-zasebnosti\/#breadcrumb\"},\"inLanguage\":\"sl-SI\",\"potentialAction\":[{\"@type\":\"ReadAction\",\"target\":[\"https:\/\/incomo.si\/sl\/pravilnik-o-zasebnosti\/\"]}]},{\"@type\":\"BreadcrumbList\",\"@id\":\"https:\/\/incomo.si\/sl\/pravilnik-o-zasebnosti\/#breadcrumb\",\"itemListElement\":[{\"@type\":\"ListItem\",\"position\":1,\"name\":\"Startseite\",\"item\":\"https:\/\/incomo.si\/sl\/\"},{\"@type\":\"ListItem\",\"position\":2,\"name\":\"Pravilnik o zasebnosti\"}]}]}<\/script>\n<!-- \/ Yoast SEO plugin. -->","yoast_head_json":{"title":"Pravilnik o zasebnosti - INCOMO","robots":{"index":"index","follow":"follow","max-snippet":"max-snippet:-1","max-image-preview":"max-image-preview:large","max-video-preview":"max-video-preview:-1"},"canonical":"https:\/\/incomo.si\/sl\/pravilnik-o-zasebnosti\/","og_locale":"sl_SI","og_type":"article","og_title":"Pravilnik o zasebnosti - INCOMO","og_description":"Pi\u0161kotki in izjava o varstvu osebnih podatkov Varstvo podatkov in pi\u0161kotki Varstvo va\u0161ih osebnih podatkov je za nas zelo pomembno. Zato obdelujemo va\u0161e podatke izklju\u010dno v skladu z zakonskimi predpisi (uredba GDPR, TKG 2003). S temi informacijami o varstvu podatkov vas \u017eelimo seznaniti z najpomembnej\u0161imi vidiki obdelave podatkov v okviru na\u0161e spletne strani. Stik z&hellip;","og_url":"https:\/\/incomo.si\/sl\/pravilnik-o-zasebnosti\/","og_site_name":"INCOMO","article_modified_time":"2019-08-02T09:26:39+00:00","og_image":[{"width":1200,"height":924,"url":"https:\/\/incomo.si\/wp-content\/uploads\/2019\/03\/unterseite-incomo-bild.jpg","type":"image\/jpeg"}],"twitter_card":"summary_large_image","twitter_misc":{"Est. reading time":"1 minuta"},"schema":{"@context":"https:\/\/schema.org","@graph":[{"@type":"WebSite","@id":"https:\/\/incomo.si\/#website","url":"https:\/\/incomo.si\/","name":"INCOMO","description":"","potentialAction":[{"@type":"SearchAction","target":{"@type":"EntryPoint","urlTemplate":"https:\/\/incomo.si\/?s={search_term_string}"},"query-input":"required name=search_term_string"}],"inLanguage":"sl-SI"},{"@type":"ImageObject","@id":"https:\/\/incomo.si\/sl\/pravilnik-o-zasebnosti\/#primaryimage","inLanguage":"sl-SI","url":"https:\/\/incomo.si\/wp-content\/uploads\/2019\/03\/unterseite-incomo-bild.jpg","contentUrl":"https:\/\/incomo.si\/wp-content\/uploads\/2019\/03\/unterseite-incomo-bild.jpg","width":1200,"height":924,"caption":"INCOMO"},{"@type":"WebPage","@id":"https:\/\/incomo.si\/sl\/pravilnik-o-zasebnosti\/#webpage","url":"https:\/\/incomo.si\/sl\/pravilnik-o-zasebnosti\/","name":"Pravilnik o zasebnosti - INCOMO","isPartOf":{"@id":"https:\/\/incomo.si\/#website"},"primaryImageOfPage":{"@id":"https:\/\/incomo.si\/sl\/pravilnik-o-zasebnosti\/#primaryimage"},"datePublished":"2018-10-22T12:48:17+00:00","dateModified":"2019-08-02T09:26:39+00:00","breadcrumb":{"@id":"https:\/\/incomo.si\/sl\/pravilnik-o-zasebnosti\/#breadcrumb"},"inLanguage":"sl-SI","potentialAction":[{"@type":"ReadAction","target":["https:\/\/incomo.si\/sl\/pravilnik-o-zasebnosti\/"]}]},{"@type":"BreadcrumbList","@id":"https:\/\/incomo.si\/sl\/pravilnik-o-zasebnosti\/#breadcrumb","itemListElement":[{"@type":"ListItem","position":1,"name":"Startseite","item":"https:\/\/incomo.si\/sl\/"},{"@type":"ListItem","position":2,"name":"Pravilnik o zasebnosti"}]}]}},"acf":[],"_links":{"self":[{"href":"https:\/\/incomo.si\/sl\/wp-json\/wp\/v2\/pages\/1362"}],"collection":[{"href":"https:\/\/incomo.si\/sl\/wp-json\/wp\/v2\/pages"}],"about":[{"href":"https:\/\/incomo.si\/sl\/wp-json\/wp\/v2\/types\/page"}],"author":[{"embeddable":true,"href":"https:\/\/incomo.si\/sl\/wp-json\/wp\/v2\/users\/7"}],"replies":[{"embeddable":true,"href":"https:\/\/incomo.si\/sl\/wp-json\/wp\/v2\/comments?post=1362"}],"version-history":[{"count":2,"href":"https:\/\/incomo.si\/sl\/wp-json\/wp\/v2\/pages\/1362\/revisions"}],"predecessor-version":[{"id":1364,"href":"https:\/\/incomo.si\/sl\/wp-json\/wp\/v2\/pages\/1362\/revisions\/1364"}],"wp:featuredmedia":[{"embeddable":true,"href":"https:\/\/incomo.si\/sl\/wp-json\/wp\/v2\/media\/1361"}],"wp:attachment":[{"href":"https:\/\/incomo.si\/sl\/wp-json\/wp\/v2\/media?parent=1362"}],"curies":[{"name":"wp","href":"https:\/\/api.w.org\/{rel}","templated":true}]}}