{"id":1328,"date":"2019-07-22T15:00:47","date_gmt":"2019-07-22T13:00:47","guid":{"rendered":"https:\/\/incomo.si\/impressum\/"},"modified":"2020-03-03T20:07:15","modified_gmt":"2020-03-03T19:07:15","slug":"imprint","status":"publish","type":"page","link":"https:\/\/incomo.si\/en\/imprint\/","title":{"rendered":"Site notice"},"content":{"rendered":"\n<p>INCOMO d.o.o.<br> Direktor: Qirin Esterhazy <br> 9262 Roga\u0161ovci 64, Slovenija<br> Dav\u010dna \u0161tevilka SI 32581513<br> Mati\u010dna \u0161tevilka 6681964000<br>  Contact: <a href=\"https:\/\/incomo.si\/contact\/info@incomo.si\">info@incomo.si<\/a><br> Mobile:&nbsp;<a href=\"tel:+38631281903\">+386 31281903<\/a> <br> Screen design: <br> Marie-Luise and David Bolius &#8211; <a rel=\"noopener noreferrer\" href=\"https:\/\/www.grafikwien.com\/\" target=\"_blank\">GrafikerInWien<\/a><\/p>\n\n\n\n<p><strong>Legal information<\/strong><\/p>\n\n\n\n<p>Copyright | INCOMO d.o.o.<\/p>\n\n\n\n<p> \u00a9  2020 Qirin Esterhazy<\/p>\n\n\n\n<p>The contents published on this website are protected by copyright and may not be reproduced in any kind, copied or distributed without written permission. <\/p>\n\n\n\n<p><strong>Disclaimer<br><\/strong>The information on this website is checked and updated on a regular basis, but may be partly outdated. Despite continuous revisions to the website, income.si can take no responsibility or offer guarantee for the up-to-datedness, accuracy and completeness of the information provided. <br> The contents of linked websites are the exclusive responsibility of their operators.<\/p>\n","protected":false},"excerpt":{"rendered":"<p>INCOMO d.o.o. Direktor: Qirin Esterhazy 9262 Roga\u0161ovci 64, Slovenija Dav\u010dna \u0161tevilka SI 32581513 Mati\u010dna \u0161tevilka 6681964000 Contact: info@incomo.si Mobile:&nbsp;+386 31281903 Screen design: Marie-Luise and David Bolius &#8211; GrafikerInWien Legal information Copyright | INCOMO d.o.o. \u00a9 2020 Qirin Esterhazy The contents published on this website are protected by copyright and may not be reproduced in any&hellip;<\/p>\n","protected":false},"author":7,"featured_media":0,"parent":0,"menu_order":0,"comment_status":"closed","ping_status":"closed","template":"","meta":[],"yoast_head":"<!-- This site is optimized with the Yoast SEO plugin v18.3 - https:\/\/yoast.com\/wordpress\/plugins\/seo\/ -->\n<title>Site notice - INCOMO<\/title>\n<meta name=\"robots\" content=\"index, follow, max-snippet:-1, max-image-preview:large, max-video-preview:-1\" \/>\n<link rel=\"canonical\" href=\"https:\/\/incomo.si\/en\/imprint\/\" \/>\n<meta property=\"og:locale\" content=\"en_US\" \/>\n<meta property=\"og:type\" content=\"article\" \/>\n<meta property=\"og:title\" content=\"Site notice - INCOMO\" \/>\n<meta property=\"og:description\" content=\"INCOMO d.o.o. Direktor: Qirin Esterhazy 9262 Roga\u0161ovci 64, Slovenija Dav\u010dna \u0161tevilka SI 32581513 Mati\u010dna \u0161tevilka 6681964000 Contact: info@incomo.si Mobile:&nbsp;+386 31281903 Screen design: Marie-Luise and David Bolius &#8211; GrafikerInWien Legal information Copyright | INCOMO d.o.o. \u00a9 2020 Qirin Esterhazy The contents published on this website are protected by copyright and may not be reproduced in any&hellip;\" \/>\n<meta property=\"og:url\" content=\"https:\/\/incomo.si\/en\/imprint\/\" \/>\n<meta property=\"og:site_name\" content=\"INCOMO\" \/>\n<meta property=\"article:modified_time\" content=\"2020-03-03T19:07:15+00:00\" \/>\n<meta name=\"twitter:card\" content=\"summary_large_image\" \/>\n<meta name=\"twitter:label1\" content=\"Est. reading time\" \/>\n\t<meta name=\"twitter:data1\" content=\"1 minute\" \/>\n<script type=\"application\/ld+json\" class=\"yoast-schema-graph\">{\"@context\":\"https:\/\/schema.org\",\"@graph\":[{\"@type\":\"WebSite\",\"@id\":\"https:\/\/incomo.si\/#website\",\"url\":\"https:\/\/incomo.si\/\",\"name\":\"INCOMO\",\"description\":\"\",\"potentialAction\":[{\"@type\":\"SearchAction\",\"target\":{\"@type\":\"EntryPoint\",\"urlTemplate\":\"https:\/\/incomo.si\/?s={search_term_string}\"},\"query-input\":\"required name=search_term_string\"}],\"inLanguage\":\"en-US\"},{\"@type\":\"WebPage\",\"@id\":\"https:\/\/incomo.si\/en\/imprint\/#webpage\",\"url\":\"https:\/\/incomo.si\/en\/imprint\/\",\"name\":\"Site notice - INCOMO\",\"isPartOf\":{\"@id\":\"https:\/\/incomo.si\/#website\"},\"datePublished\":\"2019-07-22T13:00:47+00:00\",\"dateModified\":\"2020-03-03T19:07:15+00:00\",\"breadcrumb\":{\"@id\":\"https:\/\/incomo.si\/en\/imprint\/#breadcrumb\"},\"inLanguage\":\"en-US\",\"potentialAction\":[{\"@type\":\"ReadAction\",\"target\":[\"https:\/\/incomo.si\/en\/imprint\/\"]}]},{\"@type\":\"BreadcrumbList\",\"@id\":\"https:\/\/incomo.si\/en\/imprint\/#breadcrumb\",\"itemListElement\":[{\"@type\":\"ListItem\",\"position\":1,\"name\":\"Startseite\",\"item\":\"https:\/\/incomo.si\/en\/\"},{\"@type\":\"ListItem\",\"position\":2,\"name\":\"Site notice\"}]}]}<\/script>\n<!-- \/ Yoast SEO plugin. -->","yoast_head_json":{"title":"Site notice - INCOMO","robots":{"index":"index","follow":"follow","max-snippet":"max-snippet:-1","max-image-preview":"max-image-preview:large","max-video-preview":"max-video-preview:-1"},"canonical":"https:\/\/incomo.si\/en\/imprint\/","og_locale":"en_US","og_type":"article","og_title":"Site notice - INCOMO","og_description":"INCOMO d.o.o. Direktor: Qirin Esterhazy 9262 Roga\u0161ovci 64, Slovenija Dav\u010dna \u0161tevilka SI 32581513 Mati\u010dna \u0161tevilka 6681964000 Contact: info@incomo.si Mobile:&nbsp;+386 31281903 Screen design: Marie-Luise and David Bolius &#8211; GrafikerInWien Legal information Copyright | INCOMO d.o.o. \u00a9 2020 Qirin Esterhazy The contents published on this website are protected by copyright and may not be reproduced in any&hellip;","og_url":"https:\/\/incomo.si\/en\/imprint\/","og_site_name":"INCOMO","article_modified_time":"2020-03-03T19:07:15+00:00","twitter_card":"summary_large_image","twitter_misc":{"Est. reading time":"1 minute"},"schema":{"@context":"https:\/\/schema.org","@graph":[{"@type":"WebSite","@id":"https:\/\/incomo.si\/#website","url":"https:\/\/incomo.si\/","name":"INCOMO","description":"","potentialAction":[{"@type":"SearchAction","target":{"@type":"EntryPoint","urlTemplate":"https:\/\/incomo.si\/?s={search_term_string}"},"query-input":"required name=search_term_string"}],"inLanguage":"en-US"},{"@type":"WebPage","@id":"https:\/\/incomo.si\/en\/imprint\/#webpage","url":"https:\/\/incomo.si\/en\/imprint\/","name":"Site notice - INCOMO","isPartOf":{"@id":"https:\/\/incomo.si\/#website"},"datePublished":"2019-07-22T13:00:47+00:00","dateModified":"2020-03-03T19:07:15+00:00","breadcrumb":{"@id":"https:\/\/incomo.si\/en\/imprint\/#breadcrumb"},"inLanguage":"en-US","potentialAction":[{"@type":"ReadAction","target":["https:\/\/incomo.si\/en\/imprint\/"]}]},{"@type":"BreadcrumbList","@id":"https:\/\/incomo.si\/en\/imprint\/#breadcrumb","itemListElement":[{"@type":"ListItem","position":1,"name":"Startseite","item":"https:\/\/incomo.si\/en\/"},{"@type":"ListItem","position":2,"name":"Site notice"}]}]}},"acf":[],"_links":{"self":[{"href":"https:\/\/incomo.si\/en\/wp-json\/wp\/v2\/pages\/1328"}],"collection":[{"href":"https:\/\/incomo.si\/en\/wp-json\/wp\/v2\/pages"}],"about":[{"href":"https:\/\/incomo.si\/en\/wp-json\/wp\/v2\/types\/page"}],"author":[{"embeddable":true,"href":"https:\/\/incomo.si\/en\/wp-json\/wp\/v2\/users\/7"}],"replies":[{"embeddable":true,"href":"https:\/\/incomo.si\/en\/wp-json\/wp\/v2\/comments?post=1328"}],"version-history":[{"count":3,"href":"https:\/\/incomo.si\/en\/wp-json\/wp\/v2\/pages\/1328\/revisions"}],"predecessor-version":[{"id":2394,"href":"https:\/\/incomo.si\/en\/wp-json\/wp\/v2\/pages\/1328\/revisions\/2394"}],"wp:attachment":[{"href":"https:\/\/incomo.si\/en\/wp-json\/wp\/v2\/media?parent=1328"}],"curies":[{"name":"wp","href":"https:\/\/api.w.org\/{rel}","templated":true}]}}